{"id":123,"date":"2013-12-02T16:48:32","date_gmt":"2013-12-02T16:48:32","guid":{"rendered":"https:\/\/www.artsbuildontario.ca\/bricksandmortar\/?page_id=123"},"modified":"2017-04-14T17:25:51","modified_gmt":"2017-04-14T17:25:51","slug":"inscrivez-vous-aujourdhui","status":"publish","type":"page","link":"https:\/\/www.artsbuildontario.ca\/bricksandmortar\/inscrivez-vous-aujourdhui\/","title":{"rendered":"Inscrivez-vous aujourd&#8217;hui!"},"content":{"rendered":"<p>Bienvenue \u00e0 Brique &amp; Mortier!<\/p>\n<p>Afin d&#8217;acc\u00e9der \u00e0 Brique et Mortier, vous devez inscrire votre organisation. Le processus d&#8217;inscription est rapide et facile\u00a0!<\/p>\n<p>Chaque nouvel usager doit entrer l&#8217;information standard sur son organisation, de m\u00eame que ses propres coordonn\u00e9es. Veuillez noter &#8212; il est important que le nom de l&#8217;organisation soit toujours le m\u00eame afin que toute l&#8217;information demeure reli\u00e9e \u00e0 une seule organisation (par ex. ArtsBuild et ArtsBuild Ontario sont deux entit\u00e9s s\u00e9par\u00e9es qui ne sont pas reli\u00e9es).<\/p>\n<p>Une fois que vous vous serez inscrit aupr\u00e8s de Brique et Mortier, vous aurez plein acc\u00e8s au syst\u00e8me. Les champs obligatoires sont marqu\u00e9es d&#8217;une *.<\/p>\n<h2><a href=\"http:\/\/briqueetmortier.artsbuildontario.ca\/useradmin.php?NoNav\">Inscrivez-vous ici<\/a><\/h2>\n<p><span style=\"text-decoration: underline;\">Si votre organisation est d\u00e9j\u00e0 inscrite<\/span>, vous recevrez un message apr\u00e8s avoir rempli le formulaire. Le premier (la premi\u00e8re personne inscrite) sera avis\u00e9e par courriel que vous tentez de vous inscrire sous le m\u00eame nom d&#8217;organisation. Le premier usager sera alors en mesure d&#8217;approuver votre demande. Une fois qu&#8217;elle sera approuv\u00e9e, vous pourrez acc\u00e9der \u00e0 Brique et Mortier gr\u00e2ce au nom d&#8217;usager et au mot de passe que vous aurez s\u00e9lectionn\u00e9s.<\/p>\n<p>&nbsp;<\/p>\n<p>&nbsp;<\/p>\n","protected":false},"excerpt":{"rendered":"<p>Bienvenue \u00e0 Brique &amp; Mortier! Afin d&#8217;acc\u00e9der \u00e0 Brique et Mortier, vous devez inscrire votre organisation. Le processus d&#8217;inscription est rapide et facile\u00a0! Chaque nouvel usager doit entrer l&#8217;information standard sur son organisation, de m\u00eame que ses propres coordonn\u00e9es. Veuillez noter &#8212; il est important que le nom de l&#8217;organisation soit toujours le m\u00eame afin [&hellip;]<\/p>\n","protected":false},"author":6,"featured_media":0,"parent":0,"menu_order":0,"comment_status":"closed","ping_status":"open","template":"","meta":{"footnotes":""},"class_list":["post-123","page","type-page","status-publish","hentry"],"aioseo_notices":[],"_links":{"self":[{"href":"https:\/\/www.artsbuildontario.ca\/bricksandmortar\/wp-json\/wp\/v2\/pages\/123","targetHints":{"allow":["GET"]}}],"collection":[{"href":"https:\/\/www.artsbuildontario.ca\/bricksandmortar\/wp-json\/wp\/v2\/pages"}],"about":[{"href":"https:\/\/www.artsbuildontario.ca\/bricksandmortar\/wp-json\/wp\/v2\/types\/page"}],"author":[{"embeddable":true,"href":"https:\/\/www.artsbuildontario.ca\/bricksandmortar\/wp-json\/wp\/v2\/users\/6"}],"replies":[{"embeddable":true,"href":"https:\/\/www.artsbuildontario.ca\/bricksandmortar\/wp-json\/wp\/v2\/comments?post=123"}],"version-history":[{"count":6,"href":"https:\/\/www.artsbuildontario.ca\/bricksandmortar\/wp-json\/wp\/v2\/pages\/123\/revisions"}],"predecessor-version":[{"id":257,"href":"https:\/\/www.artsbuildontario.ca\/bricksandmortar\/wp-json\/wp\/v2\/pages\/123\/revisions\/257"}],"wp:attachment":[{"href":"https:\/\/www.artsbuildontario.ca\/bricksandmortar\/wp-json\/wp\/v2\/media?parent=123"}],"curies":[{"name":"wp","href":"https:\/\/api.w.org\/{rel}","templated":true}]}}