{"id":126,"date":"2013-12-02T16:44:49","date_gmt":"2013-12-02T16:44:49","guid":{"rendered":"https:\/\/www.artsbuildontario.ca\/bricksandmortar\/?page_id=126"},"modified":"2013-12-07T01:00:38","modified_gmt":"2013-12-07T01:00:38","slug":"126-2","status":"publish","type":"page","link":"https:\/\/www.artsbuildontario.ca\/bricksandmortar\/126-2\/","title":{"rendered":""},"content":{"rendered":"<p><a href=\"https:\/\/www.artsbuildontario.ca\/bricksandmortar\/wp-content\/uploads\/sites\/4\/2013\/07\/about.jpg\"><img loading=\"lazy\" decoding=\"async\" class=\"alignleft size-full wp-image-46\" alt=\"about\" src=\"https:\/\/www.artsbuildontario.ca\/bricksandmortar\/wp-content\/uploads\/sites\/4\/2013\/07\/about.jpg\" width=\"432\" height=\"216\" \/><\/a>Brique et Mortier &#8211; notre base de donn\u00e9es consultable en ligne &#8211; h\u00e9bergera l&#8217;information recueillie lors du Recensement 2013 d&#8217;ArtsBuild sur les installations.<\/p>\n<p>En remplissant le formulaire du Recensement, vous aurez acc\u00e8s \u00e0 toute l&#8217;information publique recueillie et vous pourrez consulter Brique et Mortier pour vous renseigner sur les installations dont les organisations artistiques de l&#8217;Ontario font usage et ont besoin.<\/p>\n<p>Cette information essentielle nous rend plus efficaces lorsque nous r\u00e9clamons des fonds publics et priv\u00e9s. Elle fournira un portrait constamment \u00e0 jour et global de l&#8217;\u00e9tat des installations artistiques \u00e0 travers l&#8217;Ontario.<\/p>\n<p>Si vous \u00eates une organisation artistique sans but lucratif en Ontario, veuillez inscrire votre organisation d\u00e8s aujourd&#8217;hui!<\/p>\n<p>Vous d\u00e9sirez plus d&#8217;information sur Brique et Mortier? <a href=\"&#109;&#x61;&#x69;l&#116;&#x6f;:&#98;&#x72;&#x69;&#99;&#x6b;&#x73;a&#110;&#x64;m&#111;&#x72;&#x74;&#97;&#x72;&#x40;a&#114;&#x74;s&#98;&#x75;&#x69;&#108;&#x64;&#x6f;n&#116;&#x61;r&#105;&#x6f;&#x2e;&#99;&#x61;\">Cliquez ici<\/a>!<\/p>\n<p>&nbsp;<\/p>\n","protected":false},"excerpt":{"rendered":"<p>Brique et Mortier &#8211; notre base de donn\u00e9es consultable en ligne &#8211; h\u00e9bergera l&#8217;information recueillie lors du Recensement 2013 d&#8217;ArtsBuild sur les installations. En remplissant le formulaire du Recensement, vous aurez acc\u00e8s \u00e0 toute l&#8217;information publique recueillie et vous pourrez consulter Brique et Mortier pour vous renseigner sur les installations dont les organisations artistiques de [&hellip;]<\/p>\n","protected":false},"author":6,"featured_media":0,"parent":0,"menu_order":0,"comment_status":"closed","ping_status":"closed","template":"page-sidebar-both.php","meta":{"footnotes":""},"class_list":["post-126","page","type-page","status-publish","hentry"],"aioseo_notices":[],"_links":{"self":[{"href":"https:\/\/www.artsbuildontario.ca\/bricksandmortar\/wp-json\/wp\/v2\/pages\/126","targetHints":{"allow":["GET"]}}],"collection":[{"href":"https:\/\/www.artsbuildontario.ca\/bricksandmortar\/wp-json\/wp\/v2\/pages"}],"about":[{"href":"https:\/\/www.artsbuildontario.ca\/bricksandmortar\/wp-json\/wp\/v2\/types\/page"}],"author":[{"embeddable":true,"href":"https:\/\/www.artsbuildontario.ca\/bricksandmortar\/wp-json\/wp\/v2\/users\/6"}],"replies":[{"embeddable":true,"href":"https:\/\/www.artsbuildontario.ca\/bricksandmortar\/wp-json\/wp\/v2\/comments?post=126"}],"version-history":[{"count":4,"href":"https:\/\/www.artsbuildontario.ca\/bricksandmortar\/wp-json\/wp\/v2\/pages\/126\/revisions"}],"predecessor-version":[{"id":134,"href":"https:\/\/www.artsbuildontario.ca\/bricksandmortar\/wp-json\/wp\/v2\/pages\/126\/revisions\/134"}],"wp:attachment":[{"href":"https:\/\/www.artsbuildontario.ca\/bricksandmortar\/wp-json\/wp\/v2\/media?parent=126"}],"curies":[{"name":"wp","href":"https:\/\/api.w.org\/{rel}","templated":true}]}}